{"id":71929,"date":"2023-05-26T13:12:52","date_gmt":"2023-05-26T11:12:52","guid":{"rendered":"https:\/\/www.prodata.de\/loyalty\/?page_id=71929"},"modified":"2023-05-30T08:52:07","modified_gmt":"2023-05-30T06:52:07","slug":"kontaktseite-danke","status":"publish","type":"page","link":"https:\/\/www.prodata.de\/loyalty\/kontaktseite-danke\/","title":{"rendered":"Kontaktseite Danke"},"content":{"rendered":"<\/p>\n\n<style type=\"text\/css\" data-created_by=\"avia_inline_auto\" id=\"style-css-av-li4gzl2e-11949700d46b0663ac2e871a642f7f85\">\n.avia-section.av-li4gzl2e-11949700d46b0663ac2e871a642f7f85{\nbackground-color:#004894;\nbackground-image:unset;\n}\n<\/style>\n<div id='av_section_1'  class='avia-section av-li4gzl2e-11949700d46b0663ac2e871a642f7f85 main_color avia-section-default avia-no-border-styling  avia-builder-el-0  el_before_av_section  avia-builder-el-first  avia-bg-style-scroll container_wrap fullsize'  ><div class='container av-section-cont-open' ><main  role=\"main\" itemprop=\"mainContentOfPage\"  class='template-page content  av-content-full alpha units'><div class='post-entry post-entry-type-page post-entry-71929'><div class='entry-content-wrapper clearfix'>\n\n<style type=\"text\/css\" data-created_by=\"avia_inline_auto\" id=\"style-css-av-li4grvqz-26994eae0eb37b5ce0e9fb3d7e7841fa\">\n#top .av-special-heading.av-li4grvqz-26994eae0eb37b5ce0e9fb3d7e7841fa{\npadding-bottom:10px;\ncolor:#ffffff;\n}\nbody .av-special-heading.av-li4grvqz-26994eae0eb37b5ce0e9fb3d7e7841fa .av-special-heading-tag .heading-char{\nfont-size:25px;\n}\n.av-special-heading.av-li4grvqz-26994eae0eb37b5ce0e9fb3d7e7841fa .special-heading-inner-border{\nborder-color:#ffffff;\n}\n.av-special-heading.av-li4grvqz-26994eae0eb37b5ce0e9fb3d7e7841fa .av-subheading{\nfont-size:17px;\ncolor:#ffffff;\n}\n<\/style>\n<div  class='av-special-heading av-li4grvqz-26994eae0eb37b5ce0e9fb3d7e7841fa av-special-heading-h1 custom-color-heading blockquote modern-quote modern-centered  avia-builder-el-1  avia-builder-el-no-sibling '><h1 class='av-special-heading-tag '  itemprop=\"headline\"  >Vielen Dank f\u00fcr Ihre Nachricht!<\/h1><div class='av_custom_color av-subheading av-subheading_below'><p>Wir werden uns umgehend bei Ihnen melden.<\/p>\n<\/div><div class=\"special-heading-border\"><div class=\"special-heading-inner-border\"><\/div><\/div><\/div>\n<\/div><\/div><\/main><!-- close content main element --><\/div><\/div>\n<style type=\"text\/css\" data-created_by=\"avia_inline_auto\" id=\"style-css-av-li4h411y-cdba8f0669c5f3029fd02352e47c6917\">\n.avia-section.av-li4h411y-cdba8f0669c5f3029fd02352e47c6917{\nbackground-color:#ffffff;\nbackground-image:unset;\n}\n<\/style>\n<div id='av_section_2'  class='avia-section av-li4h411y-cdba8f0669c5f3029fd02352e47c6917 main_color avia-section-default avia-no-border-styling  avia-builder-el-2  el_after_av_section  el_before_av_section  avia-bg-style-scroll container_wrap fullsize'  ><div class='container av-section-cont-open' ><div class='template-page content  av-content-full alpha units'><div class='post-entry post-entry-type-page post-entry-71929'><div class='entry-content-wrapper clearfix'>\n\n<style type=\"text\/css\" data-created_by=\"avia_inline_auto\" id=\"style-css-av-li4h31g7-b7dbf5caeec0f3392abfdac687d5b061\">\n#top .av-special-heading.av-li4h31g7-b7dbf5caeec0f3392abfdac687d5b061{\npadding-bottom:30px;\ncolor:#000000;\n}\nbody .av-special-heading.av-li4h31g7-b7dbf5caeec0f3392abfdac687d5b061 .av-special-heading-tag .heading-char{\nfont-size:25px;\n}\n.av-special-heading.av-li4h31g7-b7dbf5caeec0f3392abfdac687d5b061 .special-heading-inner-border{\nborder-color:#000000;\n}\n.av-special-heading.av-li4h31g7-b7dbf5caeec0f3392abfdac687d5b061 .av-subheading{\nfont-size:17px;\ncolor:#000000;\n}\n<\/style>\n<div  class='av-special-heading av-li4h31g7-b7dbf5caeec0f3392abfdac687d5b061 av-special-heading-h1 custom-color-heading blockquote modern-quote modern-centered  avia-builder-el-3  el_before_av_one_half  avia-builder-el-first '><h1 class='av-special-heading-tag '  itemprop=\"headline\"  >Sie m\u00f6chten Zusatzinformationen?<\/h1><div class='av_custom_color av-subheading av-subheading_below'><p>Laden Sie gerne unser B2B-Whitepaper herunter!<\/p>\n<\/div><div class=\"special-heading-border\"><div class=\"special-heading-inner-border\"><\/div><\/div><\/div>\n<div  class='flex_column av-1srafsp-52d0c75609ffcdbff28442618c6bc1f2 av_one_half  avia-builder-el-4  el_after_av_heading  el_before_av_one_half  first flex_column_div  '     ><style type=\"text\/css\" data-created_by=\"avia_inline_auto\" id=\"style-css-av-li4h4lcv-c09c2145e00efe458fac6288be9e36ef\">\n.iconbox.av-li4h4lcv-c09c2145e00efe458fac6288be9e36ef .iconbox_icon{\nbackground-color:#0a0a0a;\ncolor:#ffffff;\n}\n.iconbox.av-li4h4lcv-c09c2145e00efe458fac6288be9e36ef .iconbox_icon.avia-svg-icon svg:first-child{\nfill:#ffffff;\nstroke:#ffffff;\n}\n#top #wrap_all .iconbox.av-li4h4lcv-c09c2145e00efe458fac6288be9e36ef .iconbox_content_title{\ncolor:#000000;\n}\n.iconbox.av-li4h4lcv-c09c2145e00efe458fac6288be9e36ef .iconbox_content_container{\nfont-size:16px;\ncolor:#000000;\n}\n<\/style>\n<article  class='iconbox iconbox_left av-li4h4lcv-c09c2145e00efe458fac6288be9e36ef  avia-builder-el-5  el_before_av_icon_box  avia-builder-el-first '  itemscope=\"itemscope\" itemtype=\"https:\/\/schema.org\/CreativeWork\" ><div class=\"iconbox_content\"><header class=\"entry-content-header\" aria-label=\"Icon: \"><div class='iconbox_icon heading-color avia-iconfont avia-font-entypo-fontello' data-av_icon='\ue812' data-av_iconfont='entypo-fontello'  ><\/div><\/header><div class='iconbox_content_container av_inherit_color'  itemprop=\"text\" ><h5>Wie Sie mit einem Kundenbindungsprogramm das Potenzial Ihrer Kunden maximal aussch\u00f6pfen k\u00f6nnen<\/h5>\n<\/div><\/div><footer class=\"entry-footer\"><\/footer><\/article><br \/>\n\n<style type=\"text\/css\" data-created_by=\"avia_inline_auto\" id=\"style-css-av-li4h4s9d-88d7c784c02821b21c725300d8484b49\">\n.iconbox.av-li4h4s9d-88d7c784c02821b21c725300d8484b49 .iconbox_icon{\nbackground-color:#0a0a0a;\ncolor:#ffffff;\n}\n.iconbox.av-li4h4s9d-88d7c784c02821b21c725300d8484b49 .iconbox_icon.avia-svg-icon svg:first-child{\nfill:#ffffff;\nstroke:#ffffff;\n}\n#top #wrap_all .iconbox.av-li4h4s9d-88d7c784c02821b21c725300d8484b49 .iconbox_content_title{\ncolor:#ffffff;\n}\n.iconbox.av-li4h4s9d-88d7c784c02821b21c725300d8484b49 .iconbox_content_container{\nfont-size:16px;\ncolor:#000000;\n}\n<\/style>\n<article  class='iconbox iconbox_left av-li4h4s9d-88d7c784c02821b21c725300d8484b49  avia-builder-el-6  el_after_av_icon_box  el_before_av_icon_box '  itemscope=\"itemscope\" itemtype=\"https:\/\/schema.org\/CreativeWork\" ><div class=\"iconbox_content\"><header class=\"entry-content-header\" aria-label=\"Icon: \"><div class='iconbox_icon heading-color avia-iconfont avia-font-entypo-fontello' data-av_icon='\ue812' data-av_iconfont='entypo-fontello'  ><\/div><\/header><div class='iconbox_content_container av_inherit_color'  itemprop=\"text\" ><h5>Wie Digitalisierung die Effizienz der Kundenbindung in Marketing &#038; Vertrieb steigern kann<\/h5>\n<\/div><\/div><footer class=\"entry-footer\"><\/footer><\/article><br \/>\n\n<style type=\"text\/css\" data-created_by=\"avia_inline_auto\" id=\"style-css-av-li4h52ap-8455aee23a2b08b18ed9d965f443a7a1\">\n.iconbox.av-li4h52ap-8455aee23a2b08b18ed9d965f443a7a1 .iconbox_icon{\nbackground-color:#0a0a0a;\ncolor:#ffffff;\n}\n.iconbox.av-li4h52ap-8455aee23a2b08b18ed9d965f443a7a1 .iconbox_icon.avia-svg-icon svg:first-child{\nfill:#ffffff;\nstroke:#ffffff;\n}\n#top #wrap_all .iconbox.av-li4h52ap-8455aee23a2b08b18ed9d965f443a7a1 .iconbox_content_title{\ncolor:#ffffff;\n}\n.iconbox.av-li4h52ap-8455aee23a2b08b18ed9d965f443a7a1 .iconbox_content_container{\nfont-size:16px;\ncolor:#000000;\n}\n<\/style>\n<article  class='iconbox iconbox_left av-li4h52ap-8455aee23a2b08b18ed9d965f443a7a1  avia-builder-el-7  el_after_av_icon_box  el_before_av_icon_box '  itemscope=\"itemscope\" itemtype=\"https:\/\/schema.org\/CreativeWork\" ><div class=\"iconbox_content\"><header class=\"entry-content-header\" aria-label=\"Icon: \"><div class='iconbox_icon heading-color avia-iconfont avia-font-entypo-fontello' data-av_icon='\ue812' data-av_iconfont='entypo-fontello'  ><\/div><\/header><div class='iconbox_content_container av_inherit_color'  itemprop=\"text\" ><h5>Handfeste Gr\u00fcnde f\u00fcr ein Kundenbindungsprogramm auch f\u00fcr B2B Unternehmen<\/h5>\n<\/div><\/div><footer class=\"entry-footer\"><\/footer><\/article><br \/>\n\n<style type=\"text\/css\" data-created_by=\"avia_inline_auto\" id=\"style-css-av-li4h58vo-3dbb843171ac022f883d30aefba08ba2\">\n.iconbox.av-li4h58vo-3dbb843171ac022f883d30aefba08ba2 .iconbox_icon{\nbackground-color:#0a0a0a;\ncolor:#ffffff;\n}\n.iconbox.av-li4h58vo-3dbb843171ac022f883d30aefba08ba2 .iconbox_icon.avia-svg-icon svg:first-child{\nfill:#ffffff;\nstroke:#ffffff;\n}\n#top #wrap_all .iconbox.av-li4h58vo-3dbb843171ac022f883d30aefba08ba2 .iconbox_content_title{\ncolor:#ffffff;\n}\n.iconbox.av-li4h58vo-3dbb843171ac022f883d30aefba08ba2 .iconbox_content_container{\nfont-size:16px;\ncolor:#000000;\n}\n<\/style>\n<article  class='iconbox iconbox_left av-li4h58vo-3dbb843171ac022f883d30aefba08ba2  avia-builder-el-8  el_after_av_icon_box  el_before_av_codeblock '  itemscope=\"itemscope\" itemtype=\"https:\/\/schema.org\/CreativeWork\" ><div class=\"iconbox_content\"><header class=\"entry-content-header\" aria-label=\"Icon: \"><div class='iconbox_icon heading-color avia-iconfont avia-font-entypo-fontello' data-av_icon='\ue812' data-av_iconfont='entypo-fontello'  ><\/div><\/header><div class='iconbox_content_container av_inherit_color'  itemprop=\"text\" ><h5>Wie wir f\u00fcr Sie ein erfolgreiches Kundenbindungssystem entwickeln<\/h5>\n<\/div><\/div><footer class=\"entry-footer\"><\/footer><\/article><br \/>\n<\/p><\/div><div  class='flex_column av-1a1swah-2ff248cade494040245adbd12e405494 av_one_half  avia-builder-el-10  el_after_av_one_half  avia-builder-el-last  flex_column_div  '     ><p>\n<style type=\"text\/css\" data-created_by=\"avia_inline_auto\" id=\"style-css-av-krw4gp-3e7efbb3270b33e2dab0e4bafd36fd4e\">\n#top .hr.hr-invisible.av-krw4gp-3e7efbb3270b33e2dab0e4bafd36fd4e{\nheight:100px;\n}\n<\/style>\n<div  class='hr av-krw4gp-3e7efbb3270b33e2dab0e4bafd36fd4e hr-invisible  avia-builder-el-11  el_before_av_image  avia-builder-el-first '><span class='hr-inner '><span class=\"hr-inner-style\"><\/span><\/span><\/div><br \/>\n\n<style type=\"text\/css\" data-created_by=\"avia_inline_auto\" id=\"style-css-av-li4huhx2-71d5a9e526f32d7c1d66d295eee46dbf\">\n.avia-image-container.av-li4huhx2-71d5a9e526f32d7c1d66d295eee46dbf img.avia_image{\nbox-shadow:none;\n}\n.avia-image-container.av-li4huhx2-71d5a9e526f32d7c1d66d295eee46dbf .av-image-caption-overlay-center{\ncolor:#ffffff;\n}\n<\/style>\n<div  class='avia-image-container av-li4huhx2-71d5a9e526f32d7c1d66d295eee46dbf av-styling-no-styling avia-align-center  avia-builder-el-12  el_after_av_hr  avia-builder-el-last '   itemprop=\"image\" itemscope=\"itemscope\" itemtype=\"https:\/\/schema.org\/ImageObject\" ><div class=\"avia-image-container-inner\"><div class=\"avia-image-overlay-wrap\"><img fetchpriority=\"high\" class='wp-image-71364 avia-img-lazy-loading-not-71364 avia_image ' src='https:\/\/www.prodata.de\/loyalty\/wp-content\/uploads\/sites\/2\/2023\/05\/B2B-Kundenbindung-in-Handy-Kopie-removebg-preview.png' alt='' title='B2B-Kundenbindung-in-Handy-Kopie-removebg-preview'  height=\"500\" width=\"500\"  itemprop=\"thumbnailUrl\"  \/><\/div><\/div><\/div><\/p><\/div><\/div><\/div><\/div><!-- close content main div --><\/div><\/div>\n<style type=\"text\/css\" data-created_by=\"avia_inline_auto\" id=\"style-css-av-li4hyiyy-68d3f1b202ec58332766e08ce6276626\">\n.avia-section.av-li4hyiyy-68d3f1b202ec58332766e08ce6276626{\nbackground-color:#ffffff;\nbackground-image:unset;\n}\n<\/style>\n<div id='av_section_3'  class='avia-section av-li4hyiyy-68d3f1b202ec58332766e08ce6276626 main_color avia-section-default avia-no-border-styling  avia-builder-el-13  el_after_av_section  avia-builder-el-last  avia-bg-style-scroll container_wrap fullsize'  ><div class='container av-section-cont-open' ><div class='template-page content  av-content-full alpha units'><div class='post-entry post-entry-type-page post-entry-71929'><div class='entry-content-wrapper clearfix'>\n\n<style type=\"text\/css\" data-created_by=\"avia_inline_auto\" id=\"style-css-av-li4hyveo-e85491966c5efbe0f38bd2c003437f61\">\n#top .av-special-heading.av-li4hyveo-e85491966c5efbe0f38bd2c003437f61{\npadding-bottom:10px;\ncolor:#000000;\n}\nbody .av-special-heading.av-li4hyveo-e85491966c5efbe0f38bd2c003437f61 .av-special-heading-tag .heading-char{\nfont-size:25px;\n}\n.av-special-heading.av-li4hyveo-e85491966c5efbe0f38bd2c003437f61 .special-heading-inner-border{\nborder-color:#000000;\n}\n.av-special-heading.av-li4hyveo-e85491966c5efbe0f38bd2c003437f61 .av-subheading{\nfont-size:15px;\n}\n<\/style>\n<div  class='av-special-heading av-li4hyveo-e85491966c5efbe0f38bd2c003437f61 av-special-heading-h1 custom-color-heading blockquote modern-quote modern-centered  avia-builder-el-14  el_before_av_social_share  avia-builder-el-first '><h1 class='av-special-heading-tag '  itemprop=\"headline\"  >Uns gibt\u2019s auch auf Social Media<\/h1><div class=\"special-heading-border\"><div class=\"special-heading-inner-border\"><\/div><\/div><\/div>\n<div  class='av-social-sharing-box av-li4hdhr0-4e3c19ee0afa2270728e23670660a677 av-social-sharing-box-rounded  avia-builder-el-15  el_after_av_heading  avia-builder-el-last  av-social-sharing-box-color-bg av-social-sharing-box-fullwidth'><div class=\"av-share-box\"><ul class=\"av-share-box-list noLightbox\"><li class='av-share-link av-social-link-facebook avia_social_iconfont' ><a target=\"_blank\" aria-label=\"Link to Facebook\" href='https:\/\/www.facebook.com\/prodatagmbh' data-av_icon='\ue8f3' data-av_iconfont='entypo-fontello'  title='' data-avia-related-tooltip='Link to Facebook'><span class='avia_hidden_link_text'>Link to Facebook<\/span><\/a><\/li><li class='av-share-link av-social-link-linkedin avia_social_iconfont' ><a target=\"_blank\" aria-label=\"Link to LinkedIn\" href='https:\/\/www.linkedin.com\/company\/prodata-gmbh\/mycompany\/' data-av_icon='\ue8fc' data-av_iconfont='entypo-fontello'  title='' data-avia-related-tooltip='Link to LinkedIn'><span class='avia_hidden_link_text'>Link to LinkedIn<\/span><\/a><\/li><li class='av-share-link av-social-link-xing avia_social_iconfont' ><a target=\"_blank\" aria-label=\"Link to Xing\" href='https:\/\/www.xing.com\/pages\/prodatait-beratungs-undsystemhausfurmarketingvertriebunde-commerce' data-av_icon='\ue923' data-av_iconfont='entypo-fontello'  title='' data-avia-related-tooltip='Link to Xing'><span class='avia_hidden_link_text'>Link to Xing<\/span><\/a><\/li><\/ul><\/div><\/div>\n<\/p>\n","protected":false},"excerpt":{"rendered":"","protected":false},"author":3,"featured_media":0,"parent":0,"menu_order":0,"comment_status":"closed","ping_status":"closed","template":"","meta":{"footnotes":""},"class_list":["post-71929","page","type-page","status-publish","hentry"],"yoast_head":"<!-- This site is optimized with the Yoast SEO plugin v27.5 - https:\/\/yoast.com\/product\/yoast-seo-wordpress\/ -->\n<title>Kontaktseite Danke - Prodata Loyalty Solutions<\/title>\n<meta name=\"robots\" content=\"index, follow, max-snippet:-1, max-image-preview:large, max-video-preview:-1\" \/>\n<link rel=\"canonical\" href=\"https:\/\/www.prodata.de\/loyalty\/kontaktseite-danke\/\" \/>\n<meta property=\"og:locale\" content=\"de_DE\" \/>\n<meta property=\"og:type\" content=\"article\" \/>\n<meta property=\"og:title\" content=\"Kontaktseite Danke - Prodata Loyalty Solutions\" \/>\n<meta property=\"og:url\" content=\"https:\/\/www.prodata.de\/loyalty\/kontaktseite-danke\/\" \/>\n<meta property=\"og:site_name\" content=\"Prodata Loyalty Solutions\" \/>\n<meta property=\"article:publisher\" content=\"https:\/\/www.facebook.com\/prodatagmbh\" \/>\n<meta property=\"article:modified_time\" content=\"2023-05-30T06:52:07+00:00\" \/>\n<meta name=\"twitter:card\" content=\"summary_large_image\" \/>\n<meta name=\"twitter:label1\" content=\"Gesch\u00e4tzte Lesezeit\" \/>\n\t<meta name=\"twitter:data1\" content=\"6\u00a0Minuten\" \/>\n<script type=\"application\/ld+json\" class=\"yoast-schema-graph\">{\"@context\":\"https:\\\/\\\/schema.org\",\"@graph\":[{\"@type\":\"WebPage\",\"@id\":\"https:\\\/\\\/www.prodata.de\\\/loyalty\\\/kontaktseite-danke\\\/\",\"url\":\"https:\\\/\\\/www.prodata.de\\\/loyalty\\\/kontaktseite-danke\\\/\",\"name\":\"Kontaktseite Danke - Prodata Loyalty Solutions\",\"isPartOf\":{\"@id\":\"https:\\\/\\\/www.prodata.de\\\/loyalty\\\/#website\"},\"datePublished\":\"2023-05-26T11:12:52+00:00\",\"dateModified\":\"2023-05-30T06:52:07+00:00\",\"breadcrumb\":{\"@id\":\"https:\\\/\\\/www.prodata.de\\\/loyalty\\\/kontaktseite-danke\\\/#breadcrumb\"},\"inLanguage\":\"de\",\"potentialAction\":[{\"@type\":\"ReadAction\",\"target\":[\"https:\\\/\\\/www.prodata.de\\\/loyalty\\\/kontaktseite-danke\\\/\"]}]},{\"@type\":\"BreadcrumbList\",\"@id\":\"https:\\\/\\\/www.prodata.de\\\/loyalty\\\/kontaktseite-danke\\\/#breadcrumb\",\"itemListElement\":[{\"@type\":\"ListItem\",\"position\":1,\"name\":\"Startseite\",\"item\":\"https:\\\/\\\/www.prodata.de\\\/loyalty\\\/startseite\\\/\"},{\"@type\":\"ListItem\",\"position\":2,\"name\":\"Kontaktseite Danke\"}]},{\"@type\":\"WebSite\",\"@id\":\"https:\\\/\\\/www.prodata.de\\\/loyalty\\\/#website\",\"url\":\"https:\\\/\\\/www.prodata.de\\\/loyalty\\\/\",\"name\":\"Prodata Loyalty Solutions\",\"description\":\"Fullservice Agentur f\u00fcr Loyalty\",\"publisher\":{\"@id\":\"https:\\\/\\\/www.prodata.de\\\/loyalty\\\/#organization\"},\"potentialAction\":[{\"@type\":\"SearchAction\",\"target\":{\"@type\":\"EntryPoint\",\"urlTemplate\":\"https:\\\/\\\/www.prodata.de\\\/loyalty\\\/?s={search_term_string}\"},\"query-input\":{\"@type\":\"PropertyValueSpecification\",\"valueRequired\":true,\"valueName\":\"search_term_string\"}}],\"inLanguage\":\"de\"},{\"@type\":\"Organization\",\"@id\":\"https:\\\/\\\/www.prodata.de\\\/loyalty\\\/#organization\",\"name\":\"Prodata Loyalty Solutions\",\"url\":\"https:\\\/\\\/www.prodata.de\\\/loyalty\\\/\",\"logo\":{\"@type\":\"ImageObject\",\"inLanguage\":\"de\",\"@id\":\"https:\\\/\\\/www.prodata.de\\\/loyalty\\\/#\\\/schema\\\/logo\\\/image\\\/\",\"url\":\"https:\\\/\\\/www.prodata.de\\\/loyalty\\\/wp-content\\\/uploads\\\/sites\\\/2\\\/2022\\\/06\\\/Logo_PRODATA_4C.png\",\"contentUrl\":\"https:\\\/\\\/www.prodata.de\\\/loyalty\\\/wp-content\\\/uploads\\\/sites\\\/2\\\/2022\\\/06\\\/Logo_PRODATA_4C.png\",\"width\":2480,\"height\":1181,\"caption\":\"Prodata Loyalty Solutions\"},\"image\":{\"@id\":\"https:\\\/\\\/www.prodata.de\\\/loyalty\\\/#\\\/schema\\\/logo\\\/image\\\/\"},\"sameAs\":[\"https:\\\/\\\/www.facebook.com\\\/prodatagmbh\",\"https:\\\/\\\/www.xing.com\\\/pages\\\/prodatait-beratungs-undsystemhausfurmarketingvertriebunde-commerce\"]}]}<\/script>\n<!-- \/ Yoast SEO plugin. -->","yoast_head_json":{"title":"Kontaktseite Danke - Prodata Loyalty Solutions","robots":{"index":"index","follow":"follow","max-snippet":"max-snippet:-1","max-image-preview":"max-image-preview:large","max-video-preview":"max-video-preview:-1"},"canonical":"https:\/\/www.prodata.de\/loyalty\/kontaktseite-danke\/","og_locale":"de_DE","og_type":"article","og_title":"Kontaktseite Danke - Prodata Loyalty Solutions","og_url":"https:\/\/www.prodata.de\/loyalty\/kontaktseite-danke\/","og_site_name":"Prodata Loyalty Solutions","article_publisher":"https:\/\/www.facebook.com\/prodatagmbh","article_modified_time":"2023-05-30T06:52:07+00:00","twitter_card":"summary_large_image","twitter_misc":{"Gesch\u00e4tzte Lesezeit":"6\u00a0Minuten"},"schema":{"@context":"https:\/\/schema.org","@graph":[{"@type":"WebPage","@id":"https:\/\/www.prodata.de\/loyalty\/kontaktseite-danke\/","url":"https:\/\/www.prodata.de\/loyalty\/kontaktseite-danke\/","name":"Kontaktseite Danke - Prodata Loyalty Solutions","isPartOf":{"@id":"https:\/\/www.prodata.de\/loyalty\/#website"},"datePublished":"2023-05-26T11:12:52+00:00","dateModified":"2023-05-30T06:52:07+00:00","breadcrumb":{"@id":"https:\/\/www.prodata.de\/loyalty\/kontaktseite-danke\/#breadcrumb"},"inLanguage":"de","potentialAction":[{"@type":"ReadAction","target":["https:\/\/www.prodata.de\/loyalty\/kontaktseite-danke\/"]}]},{"@type":"BreadcrumbList","@id":"https:\/\/www.prodata.de\/loyalty\/kontaktseite-danke\/#breadcrumb","itemListElement":[{"@type":"ListItem","position":1,"name":"Startseite","item":"https:\/\/www.prodata.de\/loyalty\/startseite\/"},{"@type":"ListItem","position":2,"name":"Kontaktseite Danke"}]},{"@type":"WebSite","@id":"https:\/\/www.prodata.de\/loyalty\/#website","url":"https:\/\/www.prodata.de\/loyalty\/","name":"Prodata Loyalty Solutions","description":"Fullservice Agentur f\u00fcr Loyalty","publisher":{"@id":"https:\/\/www.prodata.de\/loyalty\/#organization"},"potentialAction":[{"@type":"SearchAction","target":{"@type":"EntryPoint","urlTemplate":"https:\/\/www.prodata.de\/loyalty\/?s={search_term_string}"},"query-input":{"@type":"PropertyValueSpecification","valueRequired":true,"valueName":"search_term_string"}}],"inLanguage":"de"},{"@type":"Organization","@id":"https:\/\/www.prodata.de\/loyalty\/#organization","name":"Prodata Loyalty Solutions","url":"https:\/\/www.prodata.de\/loyalty\/","logo":{"@type":"ImageObject","inLanguage":"de","@id":"https:\/\/www.prodata.de\/loyalty\/#\/schema\/logo\/image\/","url":"https:\/\/www.prodata.de\/loyalty\/wp-content\/uploads\/sites\/2\/2022\/06\/Logo_PRODATA_4C.png","contentUrl":"https:\/\/www.prodata.de\/loyalty\/wp-content\/uploads\/sites\/2\/2022\/06\/Logo_PRODATA_4C.png","width":2480,"height":1181,"caption":"Prodata Loyalty Solutions"},"image":{"@id":"https:\/\/www.prodata.de\/loyalty\/#\/schema\/logo\/image\/"},"sameAs":["https:\/\/www.facebook.com\/prodatagmbh","https:\/\/www.xing.com\/pages\/prodatait-beratungs-undsystemhausfurmarketingvertriebunde-commerce"]}]}},"_links":{"self":[{"href":"https:\/\/www.prodata.de\/loyalty\/wp-json\/wp\/v2\/pages\/71929","targetHints":{"allow":["GET"]}}],"collection":[{"href":"https:\/\/www.prodata.de\/loyalty\/wp-json\/wp\/v2\/pages"}],"about":[{"href":"https:\/\/www.prodata.de\/loyalty\/wp-json\/wp\/v2\/types\/page"}],"author":[{"embeddable":true,"href":"https:\/\/www.prodata.de\/loyalty\/wp-json\/wp\/v2\/users\/3"}],"replies":[{"embeddable":true,"href":"https:\/\/www.prodata.de\/loyalty\/wp-json\/wp\/v2\/comments?post=71929"}],"version-history":[{"count":0,"href":"https:\/\/www.prodata.de\/loyalty\/wp-json\/wp\/v2\/pages\/71929\/revisions"}],"wp:attachment":[{"href":"https:\/\/www.prodata.de\/loyalty\/wp-json\/wp\/v2\/media?parent=71929"}],"curies":[{"name":"wp","href":"https:\/\/api.w.org\/{rel}","templated":true}]}}